{"id":1342,"date":"2025-07-12T12:14:31","date_gmt":"2025-07-12T09:14:31","guid":{"rendered":"https:\/\/fundraising.startupcall.co\/lms\/?page_id=1342"},"modified":"2025-07-12T12:18:30","modified_gmt":"2025-07-12T09:18:30","slug":"giris-yap","status":"publish","type":"page","link":"https:\/\/fundraising.startupcall.co\/lms\/giris-yap\/","title":{"rendered":"Giri\u015f Yap"},"content":{"rendered":"\t\t<div data-elementor-type=\"wp-page\" data-elementor-id=\"1342\" class=\"elementor elementor-1342\">\n\t\t\t\t<div class=\"elementor-element elementor-element-4f645483 e-flex e-con-boxed e-con e-parent\" data-id=\"4f645483\" data-element_type=\"container\">\n\t\t\t\t\t<div class=\"e-con-inner\">\n\t\t\t\t<div class=\"elementor-element elementor-element-ad9b04a elementor-widget elementor-widget-shortcode\" data-id=\"ad9b04a\" data-element_type=\"widget\" data-widget_type=\"shortcode.default\">\n\t\t\t\t<div class=\"elementor-widget-container\">\n\t\t\t\t\t\t\t<div class=\"elementor-shortcode\">    <div class=\"e42-container\" id=\"e42-login-container\">\r\n        <h2>Giri\u015f Yap<\/h2>\r\n        \r\n        \r\n        <form id=\"e42-login-form\" action=\"https:\/\/fundraising.startupcall.co\/lms\/wp-admin\/admin-post.php\" method=\"post\">\r\n            <input type=\"hidden\" name=\"action\" value=\"e42art_handle_login\">\r\n            <input type=\"hidden\" id=\"e42art_login_nonce\" name=\"e42art_login_nonce\" value=\"94232f2db4\" \/><input type=\"hidden\" name=\"_wp_http_referer\" value=\"\/lms\/wp-json\/wp\/v2\/pages\/1342\" \/>            \r\n            <div class=\"e42-form-group\">\r\n                <label for=\"e42_user_login\">Kullan\u0131c\u0131 Ad\u0131 veya E-posta<\/label>\r\n                <input type=\"text\" name=\"log\" id=\"e42_user_login\" required>\r\n            <\/div>\r\n            <div class=\"e42-form-group\">\r\n                <label for=\"e42_user_pass\">\u015eifre<\/label>\r\n                <input type=\"password\" name=\"pwd\" id=\"e42_user_pass\" required>\r\n            <\/div>\r\n            <div class=\"e42-form-group\">\r\n                <button type=\"submit\" name=\"wp-submit\" class=\"e42-button\">Giri\u015f Yap<\/button>\r\n            <\/div>\r\n        <\/form>\r\n        <div class=\"e42-form-footer\">\r\n            <p>Hesab\u0131n\u0131z yok mu? <a href=\"https:\/\/fundraising.startupcall.co\/lms\/kayit-ol\">Kay\u0131t Olun<\/a><\/p>\r\n        <\/div>\r\n    <\/div>\r\n    <\/div>\n\t\t\t\t\t\t<\/div>\n\t\t\t\t<\/div>\n\t\t\t\t\t<\/div>\n\t\t\t\t<\/div>\n\t\t\t\t<\/div>\n\t\t","protected":false},"excerpt":{"rendered":"","protected":false},"author":1,"featured_media":0,"parent":0,"menu_order":0,"comment_status":"closed","ping_status":"closed","template":"elementor_header_footer","meta":{"inline_featured_image":false,"elearning_layout":"tg-site-layout--default","elearning_remove_content_margin":false,"elearning_sidebar":"default","elearning_transparent_header":"customizer","elearning_logo":0,"elearning_header_style":"default","elearning_menu_item_color":"","elearning_menu_item_hover_color":"","elearning_menu_item_active_color":"","elearning_menu_item_active_style":"","elearning_page_header":true,"footnotes":""},"class_list":["post-1342","page","type-page","status-publish","hentry"],"_links":{"self":[{"href":"https:\/\/fundraising.startupcall.co\/lms\/wp-json\/wp\/v2\/pages\/1342","targetHints":{"allow":["GET"]}}],"collection":[{"href":"https:\/\/fundraising.startupcall.co\/lms\/wp-json\/wp\/v2\/pages"}],"about":[{"href":"https:\/\/fundraising.startupcall.co\/lms\/wp-json\/wp\/v2\/types\/page"}],"author":[{"embeddable":true,"href":"https:\/\/fundraising.startupcall.co\/lms\/wp-json\/wp\/v2\/users\/1"}],"replies":[{"embeddable":true,"href":"https:\/\/fundraising.startupcall.co\/lms\/wp-json\/wp\/v2\/comments?post=1342"}],"version-history":[{"count":5,"href":"https:\/\/fundraising.startupcall.co\/lms\/wp-json\/wp\/v2\/pages\/1342\/revisions"}],"predecessor-version":[{"id":1347,"href":"https:\/\/fundraising.startupcall.co\/lms\/wp-json\/wp\/v2\/pages\/1342\/revisions\/1347"}],"wp:attachment":[{"href":"https:\/\/fundraising.startupcall.co\/lms\/wp-json\/wp\/v2\/media?parent=1342"}],"curies":[{"name":"wp","href":"https:\/\/api.w.org\/{rel}","templated":true}]}}